{"id":2,"date":"2020-09-02T11:04:52","date_gmt":"2020-09-02T11:04:52","guid":{"rendered":"https:\/\/www.olivierlardeux.com\/?page_id=2"},"modified":"2023-03-22T14:59:15","modified_gmt":"2023-03-22T14:59:15","slug":"sample-page","status":"publish","type":"page","link":"https:\/\/www.olivierlardeux.com\/?page_id=2","title":{"rendered":"BIO"},"content":{"rendered":"\n<p>Olivier Lardeux a grandi entre la ville de Nantes et le lac de Grand-Lieu, connu pour e\u0302tre sur le passage de nombreux oiseaux migrateurs. Fac\u0327onne\u0301 par ce spectacle, il nourrit tre\u0300s to\u0302t un inte\u0301re\u0302t pour les liens qui unissent l\u2019homme et son environnement. Inte\u0301re\u0302t qui devint une passion lorsqu\u2019il se\u0301journa durant trois anne\u0301es dans les TAAF, et ensuite lorsqu\u2019il s\u2019est installe\u0301 a\u0300 La Re\u0301union.<\/p>\n\n\n\n<p>Depuis 2016, la photographie et le conte photographique sont ses principaux champs d\u2019expression.<br>Ce que photographie Olivier Lardeux, ce sont les territoires comme lieux d\u2019ancrage et de mouvement : les territoires symboliques, les territoires imagin\u00e9s, fantasm\u00e9s, des territoires habit\u00e9s par des hommes et des femmes dont il saisit l\u2019image et le quotidien.<\/p>\n","protected":false},"excerpt":{"rendered":"<p>Olivier Lardeux a grandi entre la ville de Nantes et le lac de Grand-Lieu, connu pour e\u0302tre sur le passage de nombreux oiseaux migrateurs. Fac\u0327onne\u0301 par ce spectacle, il nourrit tre\u0300s to\u0302t un inte\u0301re\u0302t pour les liens qui unissent l\u2019homme et son environnement. Inte\u0301re\u0302t qui devint une passion lorsqu\u2019il se\u0301journa &hellip;<\/p>\n<div class=\"wrap-excerpt-more\"><a class=\"excerpt-more\" href=\"https:\/\/www.olivierlardeux.com\/?page_id=2\">Read more<\/a><\/div>\n","protected":false},"author":1,"featured_media":0,"parent":0,"menu_order":0,"comment_status":"closed","ping_status":"closed","template":"template-full-page-slider.php","meta":{"footnotes":""},"class_list":["post-2","page","type-page","status-publish","hentry","post--no-featured-image"],"jetpack_sharing_enabled":true,"_links":{"self":[{"href":"https:\/\/www.olivierlardeux.com\/index.php?rest_route=\/wp\/v2\/pages\/2","targetHints":{"allow":["GET"]}}],"collection":[{"href":"https:\/\/www.olivierlardeux.com\/index.php?rest_route=\/wp\/v2\/pages"}],"about":[{"href":"https:\/\/www.olivierlardeux.com\/index.php?rest_route=\/wp\/v2\/types\/page"}],"author":[{"embeddable":true,"href":"https:\/\/www.olivierlardeux.com\/index.php?rest_route=\/wp\/v2\/users\/1"}],"replies":[{"embeddable":true,"href":"https:\/\/www.olivierlardeux.com\/index.php?rest_route=%2Fwp%2Fv2%2Fcomments&post=2"}],"version-history":[{"count":5,"href":"https:\/\/www.olivierlardeux.com\/index.php?rest_route=\/wp\/v2\/pages\/2\/revisions"}],"predecessor-version":[{"id":1064,"href":"https:\/\/www.olivierlardeux.com\/index.php?rest_route=\/wp\/v2\/pages\/2\/revisions\/1064"}],"wp:attachment":[{"href":"https:\/\/www.olivierlardeux.com\/index.php?rest_route=%2Fwp%2Fv2%2Fmedia&parent=2"}],"curies":[{"name":"wp","href":"https:\/\/api.w.org\/{rel}","templated":true}]}}